{"id":7,"date":"2023-08-01T15:46:00","date_gmt":"2023-08-01T13:46:00","guid":{"rendered":"https:\/\/www.folkdansringen.se\/ny-ronnehall\/?page_id=7"},"modified":"2024-06-09T14:11:03","modified_gmt":"2024-06-09T12:11:03","slug":"var-forening","status":"publish","type":"page","link":"https:\/\/www.folkdansringen.se\/ronnehall\/?page_id=7","title":{"rendered":"Lite om oss"},"content":{"rendered":"\n<p>R\u00f6nneh\u00e4lls Folkdanslag bildades 1934 samtidigt som R\u00f6nneh\u00e4lls Bygdeg\u00e5rd byggdes och h\u00e4r har vi dansat sedan dess:<br>\u00c4ven om folkdans \u00e4r basen i v\u00e5r verksamhet har vi genom \u00e5ren ocks\u00e5 sysslat med m\u00e5nga andra aktiviteter:<br>T.ex. gamla hantverk i form av silversmide, tennssl\u00f6jd, borstbindning, n\u00e4versl\u00f6jd, svepteknik och mycket mer. Givetvis har dr\u00e4kts\u00f6mnad varit en viktig del av verksamheten.<br>Det har \u00e4ven byggts ett antal nyckelharpor och vi har ocks\u00e5 l\u00e4rt oss spela ukulele.<br><br>P\u00e5 R\u00f6nneh\u00e4ll har vi f\u00f6r det mesta levande musik och v\u00e5ra spelm\u00e4n \u00e4r d\u00e4rf\u00f6r v\u00e4ldigt uppskattade.<br>N\u00e4r andan finns komponeras det l\u00e5tar och det var s\u00e5 TOCOLAs kassettband kom till p\u00e5 80-talet.<br>TOCOLA st\u00e5r f\u00f6r Uffe Tholander, Leif Olsen, Ninni Carr, Kurt Olsson, Bo Lindvall och Karin Andersson och deras kompositioner anv\u00e4nds flitigt \u00e4n i dag. <br>2022 togs det fram en CD med TOCOLAs l\u00e5tar och den s\u00e4ljs av laget f\u00f6r 100:-.<br><\/p>\n\n\n\n<div class=\"wp-block-columns is-layout-flex wp-container-core-columns-is-layout-9d6595d7 wp-block-columns-is-layout-flex\">\n<div class=\"wp-block-column is-layout-flow wp-block-column-is-layout-flow\">\n<figure class=\"wp-block-image size-large\"><img loading=\"lazy\" decoding=\"async\" width=\"773\" height=\"1024\" data-attachment-id=\"81\" data-permalink=\"https:\/\/www.folkdansringen.se\/ronnehall\/?attachment_id=81\" data-orig-file=\"https:\/\/www.folkdansringen.se\/ronnehall\/wp-content\/uploads\/2023\/08\/Tocola.jpg\" data-orig-size=\"1008,1336\" data-comments-opened=\"1\" data-image-meta=\"{&quot;aperture&quot;:&quot;0&quot;,&quot;credit&quot;:&quot;&quot;,&quot;camera&quot;:&quot;&quot;,&quot;caption&quot;:&quot;&quot;,&quot;created_timestamp&quot;:&quot;0&quot;,&quot;copyright&quot;:&quot;&quot;,&quot;focal_length&quot;:&quot;0&quot;,&quot;iso&quot;:&quot;0&quot;,&quot;shutter_speed&quot;:&quot;0&quot;,&quot;title&quot;:&quot;&quot;,&quot;orientation&quot;:&quot;1&quot;}\" data-image-title=\"Tocola\" data-image-description=\"\" data-image-caption=\"\" data-medium-file=\"https:\/\/www.folkdansringen.se\/ronnehall\/wp-content\/uploads\/2023\/08\/Tocola-226x300.jpg\" data-large-file=\"https:\/\/www.folkdansringen.se\/ronnehall\/wp-content\/uploads\/2023\/08\/Tocola-773x1024.jpg\" src=\"https:\/\/www.folkdansringen.se\/ny-ronnehall\/wp-content\/uploads\/2023\/08\/Tocola-773x1024.jpg\" alt=\"\" class=\"wp-image-81\" srcset=\"https:\/\/www.folkdansringen.se\/ronnehall\/wp-content\/uploads\/2023\/08\/Tocola-773x1024.jpg 773w, https:\/\/www.folkdansringen.se\/ronnehall\/wp-content\/uploads\/2023\/08\/Tocola-226x300.jpg 226w, https:\/\/www.folkdansringen.se\/ronnehall\/wp-content\/uploads\/2023\/08\/Tocola-768x1018.jpg 768w, https:\/\/www.folkdansringen.se\/ronnehall\/wp-content\/uploads\/2023\/08\/Tocola-880x1166.jpg 880w, https:\/\/www.folkdansringen.se\/ronnehall\/wp-content\/uploads\/2023\/08\/Tocola-220x292.jpg 220w, https:\/\/www.folkdansringen.se\/ronnehall\/wp-content\/uploads\/2023\/08\/Tocola.jpg 1008w\" sizes=\"auto, (max-width: 773px) 100vw, 773px\" \/><\/figure>\n<\/div>\n\n\n\n<div class=\"wp-block-column is-layout-flow wp-block-column-is-layout-flow\">\n<figure class=\"wp-block-image size-large is-resized\"><img loading=\"lazy\" decoding=\"async\" width=\"1024\" height=\"1024\" data-attachment-id=\"83\" data-permalink=\"https:\/\/www.folkdansringen.se\/ronnehall\/?attachment_id=83\" data-orig-file=\"https:\/\/www.folkdansringen.se\/ronnehall\/wp-content\/uploads\/2023\/08\/CD-scaled.jpg\" data-orig-size=\"2560,2560\" data-comments-opened=\"1\" data-image-meta=\"{&quot;aperture&quot;:&quot;0&quot;,&quot;credit&quot;:&quot;&quot;,&quot;camera&quot;:&quot;&quot;,&quot;caption&quot;:&quot;&quot;,&quot;created_timestamp&quot;:&quot;0&quot;,&quot;copyright&quot;:&quot;&quot;,&quot;focal_length&quot;:&quot;0&quot;,&quot;iso&quot;:&quot;0&quot;,&quot;shutter_speed&quot;:&quot;0&quot;,&quot;title&quot;:&quot;&quot;,&quot;orientation&quot;:&quot;0&quot;}\" data-image-title=\"CD\" data-image-description=\"\" data-image-caption=\"\" data-medium-file=\"https:\/\/www.folkdansringen.se\/ronnehall\/wp-content\/uploads\/2023\/08\/CD-300x300.jpg\" data-large-file=\"https:\/\/www.folkdansringen.se\/ronnehall\/wp-content\/uploads\/2023\/08\/CD-1024x1024.jpg\" src=\"https:\/\/www.folkdansringen.se\/ny-ronnehall\/wp-content\/uploads\/2023\/08\/CD-1024x1024.jpg\" alt=\"\" class=\"wp-image-83\" style=\"width:519px;height:519px\" srcset=\"https:\/\/www.folkdansringen.se\/ronnehall\/wp-content\/uploads\/2023\/08\/CD-1024x1024.jpg 1024w, https:\/\/www.folkdansringen.se\/ronnehall\/wp-content\/uploads\/2023\/08\/CD-300x300.jpg 300w, https:\/\/www.folkdansringen.se\/ronnehall\/wp-content\/uploads\/2023\/08\/CD-150x150.jpg 150w, https:\/\/www.folkdansringen.se\/ronnehall\/wp-content\/uploads\/2023\/08\/CD-768x768.jpg 768w, https:\/\/www.folkdansringen.se\/ronnehall\/wp-content\/uploads\/2023\/08\/CD-1536x1536.jpg 1536w, https:\/\/www.folkdansringen.se\/ronnehall\/wp-content\/uploads\/2023\/08\/CD-2048x2048.jpg 2048w, https:\/\/www.folkdansringen.se\/ronnehall\/wp-content\/uploads\/2023\/08\/CD-880x880.jpg 880w, https:\/\/www.folkdansringen.se\/ronnehall\/wp-content\/uploads\/2023\/08\/CD-220x220.jpg 220w\" sizes=\"auto, (max-width: 1024px) 100vw, 1024px\" \/><\/figure>\n<\/div>\n<\/div>\n\n\n\n<p>Under m\u00e5nga \u00e5r hade vi stor barn- och ungdomsverksamhet men Coronapandemin gjorde att den f\u00f6rsvann.<br><br>V\u00e5ra kontakter med utl\u00e4ndska folkdanslag har varit m\u00e5nga med \u00f6msesidiga bes\u00f6k och ett resultat av detta \u00e4r ett flertal v\u00e4nskapliga relationer.<\/p>\n\n\n\n<p><\/p>\n\n\n\n<p><\/p>\n\n\n\n<div class=\"wp-block-columns is-layout-flex wp-container-core-columns-is-layout-9d6595d7 wp-block-columns-is-layout-flex\">\n<div class=\"wp-block-column is-layout-flow wp-block-column-is-layout-flow\" style=\"flex-basis:66.66%\"><\/div>\n\n\n\n<div class=\"wp-block-column is-layout-flow wp-block-column-is-layout-flow\" style=\"flex-basis:33.33%\"><\/div>\n<\/div>\n","protected":false},"excerpt":{"rendered":"<p>R\u00f6nneh\u00e4lls Folkdanslag bildades 1934 samtidigt som R\u00f6nneh\u00e4lls Bygdeg\u00e5rd byggdes och h\u00e4r har vi dansat sedan dess:\u00c4ven om folkdans \u00e4r basen i v\u00e5r verksamhet har vi genom \u00e5ren ocks\u00e5 sysslat med m\u00e5nga andra aktiviteter:T.ex. gamla hantverk i form av silversmide, tennssl\u00f6jd, borstbindning, n\u00e4versl\u00f6jd, svepteknik och mycket mer. Givetvis har dr\u00e4kts\u00f6mnad varit en viktig del av verksamheten.Det [&hellip;]<\/p>\n","protected":false},"author":1,"featured_media":0,"parent":0,"menu_order":0,"comment_status":"closed","ping_status":"closed","template":"","meta":{"footnotes":""},"class_list":["post-7","page","type-page","status-publish","hentry"],"jetpack_sharing_enabled":true,"_links":{"self":[{"href":"https:\/\/www.folkdansringen.se\/ronnehall\/index.php?rest_route=\/wp\/v2\/pages\/7","targetHints":{"allow":["GET"]}}],"collection":[{"href":"https:\/\/www.folkdansringen.se\/ronnehall\/index.php?rest_route=\/wp\/v2\/pages"}],"about":[{"href":"https:\/\/www.folkdansringen.se\/ronnehall\/index.php?rest_route=\/wp\/v2\/types\/page"}],"author":[{"embeddable":true,"href":"https:\/\/www.folkdansringen.se\/ronnehall\/index.php?rest_route=\/wp\/v2\/users\/1"}],"replies":[{"embeddable":true,"href":"https:\/\/www.folkdansringen.se\/ronnehall\/index.php?rest_route=%2Fwp%2Fv2%2Fcomments&post=7"}],"version-history":[{"count":14,"href":"https:\/\/www.folkdansringen.se\/ronnehall\/index.php?rest_route=\/wp\/v2\/pages\/7\/revisions"}],"predecessor-version":[{"id":338,"href":"https:\/\/www.folkdansringen.se\/ronnehall\/index.php?rest_route=\/wp\/v2\/pages\/7\/revisions\/338"}],"wp:attachment":[{"href":"https:\/\/www.folkdansringen.se\/ronnehall\/index.php?rest_route=%2Fwp%2Fv2%2Fmedia&parent=7"}],"curies":[{"name":"wp","href":"https:\/\/api.w.org\/{rel}","templated":true}]}}