{"id":67,"date":"2023-08-02T14:49:51","date_gmt":"2023-08-02T12:49:51","guid":{"rendered":"https:\/\/www.folkdansringen.se\/ny-ronnehall\/?page_id=67"},"modified":"2026-01-11T17:50:20","modified_gmt":"2026-01-11T16:50:20","slug":"aktuellt","status":"publish","type":"page","link":"https:\/\/www.folkdansringen.se\/ronnehall\/?page_id=67","title":{"rendered":"Aktuellt"},"content":{"rendered":"\n<p class=\"has-x-large-font-size\">13 januari b\u00f6rjar vi dansa efter juluppeh\u00e5llet.<br> V\u00e4lkomna<\/p>\n\n\n\n<p>l<\/p>\n\n\n\n<p class=\"has-large-font-size\">3\/3 17.00 &#8211; 19.00 \u00e4r det kurs i HLR och hj\u00e4rtstartare p\u00e5 R\u00f6nneh\u00e4ll.<\/p>\n\n\n\n<p><\/p>\n\n\n\n<figure class=\"wp-block-image size-large\"><img loading=\"lazy\" decoding=\"async\" width=\"725\" height=\"1024\" data-attachment-id=\"482\" data-permalink=\"https:\/\/www.folkdansringen.se\/ronnehall\/?attachment_id=482\" data-orig-file=\"https:\/\/www.folkdansringen.se\/ronnehall\/wp-content\/uploads\/2025\/11\/scan0155-1-scaled.jpg\" data-orig-size=\"1812,2560\" data-comments-opened=\"1\" data-image-meta=\"{&quot;aperture&quot;:&quot;0&quot;,&quot;credit&quot;:&quot;&quot;,&quot;camera&quot;:&quot;&quot;,&quot;caption&quot;:&quot;&quot;,&quot;created_timestamp&quot;:&quot;0&quot;,&quot;copyright&quot;:&quot;&quot;,&quot;focal_length&quot;:&quot;0&quot;,&quot;iso&quot;:&quot;0&quot;,&quot;shutter_speed&quot;:&quot;0&quot;,&quot;title&quot;:&quot;&quot;,&quot;orientation&quot;:&quot;1&quot;}\" data-image-title=\"scan0155\" data-image-description=\"\" data-image-caption=\"\" data-medium-file=\"https:\/\/www.folkdansringen.se\/ronnehall\/wp-content\/uploads\/2025\/11\/scan0155-1-212x300.jpg\" data-large-file=\"https:\/\/www.folkdansringen.se\/ronnehall\/wp-content\/uploads\/2025\/11\/scan0155-1-725x1024.jpg\" src=\"https:\/\/www.folkdansringen.se\/ronnehall\/wp-content\/uploads\/2025\/11\/scan0155-1-725x1024.jpg\" alt=\"\" class=\"wp-image-482\" srcset=\"https:\/\/www.folkdansringen.se\/ronnehall\/wp-content\/uploads\/2025\/11\/scan0155-1-725x1024.jpg 725w, https:\/\/www.folkdansringen.se\/ronnehall\/wp-content\/uploads\/2025\/11\/scan0155-1-212x300.jpg 212w, https:\/\/www.folkdansringen.se\/ronnehall\/wp-content\/uploads\/2025\/11\/scan0155-1-768x1085.jpg 768w, https:\/\/www.folkdansringen.se\/ronnehall\/wp-content\/uploads\/2025\/11\/scan0155-1-1087x1536.jpg 1087w, https:\/\/www.folkdansringen.se\/ronnehall\/wp-content\/uploads\/2025\/11\/scan0155-1-1449x2048.jpg 1449w, https:\/\/www.folkdansringen.se\/ronnehall\/wp-content\/uploads\/2025\/11\/scan0155-1-880x1243.jpg 880w, https:\/\/www.folkdansringen.se\/ronnehall\/wp-content\/uploads\/2025\/11\/scan0155-1-220x311.jpg 220w, https:\/\/www.folkdansringen.se\/ronnehall\/wp-content\/uploads\/2025\/11\/scan0155-1-scaled.jpg 1812w\" sizes=\"auto, (max-width: 725px) 100vw, 725px\" \/><\/figure>\n","protected":false},"excerpt":{"rendered":"<p>13 januari b\u00f6rjar vi dansa efter juluppeh\u00e5llet. V\u00e4lkomna l 3\/3 17.00 &#8211; 19.00 \u00e4r det kurs i HLR och hj\u00e4rtstartare p\u00e5 R\u00f6nneh\u00e4ll.<\/p>\n","protected":false},"author":1,"featured_media":0,"parent":0,"menu_order":0,"comment_status":"closed","ping_status":"closed","template":"","meta":{"footnotes":""},"class_list":["post-67","page","type-page","status-publish","hentry"],"jetpack_sharing_enabled":true,"_links":{"self":[{"href":"https:\/\/www.folkdansringen.se\/ronnehall\/index.php?rest_route=\/wp\/v2\/pages\/67","targetHints":{"allow":["GET"]}}],"collection":[{"href":"https:\/\/www.folkdansringen.se\/ronnehall\/index.php?rest_route=\/wp\/v2\/pages"}],"about":[{"href":"https:\/\/www.folkdansringen.se\/ronnehall\/index.php?rest_route=\/wp\/v2\/types\/page"}],"author":[{"embeddable":true,"href":"https:\/\/www.folkdansringen.se\/ronnehall\/index.php?rest_route=\/wp\/v2\/users\/1"}],"replies":[{"embeddable":true,"href":"https:\/\/www.folkdansringen.se\/ronnehall\/index.php?rest_route=%2Fwp%2Fv2%2Fcomments&post=67"}],"version-history":[{"count":26,"href":"https:\/\/www.folkdansringen.se\/ronnehall\/index.php?rest_route=\/wp\/v2\/pages\/67\/revisions"}],"predecessor-version":[{"id":497,"href":"https:\/\/www.folkdansringen.se\/ronnehall\/index.php?rest_route=\/wp\/v2\/pages\/67\/revisions\/497"}],"wp:attachment":[{"href":"https:\/\/www.folkdansringen.se\/ronnehall\/index.php?rest_route=%2Fwp%2Fv2%2Fmedia&parent=67"}],"curies":[{"name":"wp","href":"https:\/\/api.w.org\/{rel}","templated":true}]}}