{"id":30,"date":"2023-08-01T17:19:21","date_gmt":"2023-08-01T15:19:21","guid":{"rendered":"https:\/\/www.folkdansringen.se\/ny-ronnehall\/?page_id=30"},"modified":"2026-01-10T09:03:47","modified_gmt":"2026-01-10T08:03:47","slug":"kontakt","status":"publish","type":"page","link":"https:\/\/www.folkdansringen.se\/ronnehall\/?page_id=30","title":{"rendered":"Kontakt"},"content":{"rendered":"\n<p class=\"has-medium-font-size\"><strong>R\u00f6nneh\u00e4lls Folkdanslag<\/strong><br>c\/o Gunnel Olsson <br>Sigurd Rings gata 1<br>253 62 Helsingborg<br>Ronnehall@folkdansringen.se<\/p>\n\n\n\n<p>BG 5244-0286<br><\/p>\n\n\n\n<div class=\"wp-block-columns is-layout-flex wp-container-core-columns-is-layout-9d6595d7 wp-block-columns-is-layout-flex\">\n<div class=\"wp-block-column is-layout-flow wp-block-column-is-layout-flow\">\n<p class=\"has-medium-font-size\"><strong>Ordf\u00f6rande<\/strong><br>Gunnel Olsson<br>0702584374<br><br><strong>Kass\u00f6r<\/strong><br>Dan Rantzer<br>073-7178849<br><br><strong>Ledamot<\/strong><br>Jeanette Linderoth<br>0722116411<br><br><\/p>\n<\/div>\n\n\n\n<div class=\"wp-block-column is-layout-flow wp-block-column-is-layout-flow\">\n<p class=\"has-medium-font-size\"><strong>Sekreterare<\/strong><br>Sandra Olsson<br>0703590349<br><br><strong>Ledamot<\/strong><br>Rasmus Lindvall<br>070-8630558<br><br><br><br><\/p>\n<\/div>\n<\/div>\n\n\n\n<p><\/p>\n\n\n\n<p class=\"has-large-font-size\">Kontaktinfo dans: <\/p>\n\n\n\n<div class=\"wp-block-columns is-layout-flex wp-container-core-columns-is-layout-9d6595d7 wp-block-columns-is-layout-flex\">\n<div class=\"wp-block-column is-layout-flow wp-block-column-is-layout-flow\">\n<p><strong>Dansledare<\/strong><br>Anette Olsson<br>070-7426752<br>arne.nette@gmail.com<br><br><br><br><\/p>\n<\/div>\n\n\n\n<div class=\"wp-block-column is-layout-flow wp-block-column-is-layout-flow\">\n<p><strong>Dansledare<\/strong><br>Martin Jacobsson<br>0709-358165<br>martinjacobsson78@gmail.com<\/p>\n<\/div>\n<\/div>\n\n\n\n<p class=\"has-large-font-size\">R\u00f6nneh\u00e4lls Bygdeg\u00e5rd<br>ligger vid v\u00e4g 110 ca 1 km norr om T\u00e5garp<\/p>\n\n\n\n<p><a href=\"https:\/\/maps.app.goo.gl\/6UHDQydWGonqbLqY9\" data-type=\"link\" data-id=\"https:\/\/maps.app.goo.gl\/6UHDQydWGonqbLqY9\">V\u00e4gbeskrivning till Bygdeg\u00e5rden<\/a><\/p>\n","protected":false},"excerpt":{"rendered":"<p>R\u00f6nneh\u00e4lls Folkdanslagc\/o Gunnel Olsson Sigurd Rings gata 1253 62 HelsingborgRonnehall@folkdansringen.se BG 5244-0286 Ordf\u00f6randeGunnel Olsson0702584374 Kass\u00f6rDan Rantzer073-7178849 LedamotJeanette Linderoth0722116411 SekreterareSandra Olsson0703590349 LedamotRasmus Lindvall070-8630558 Kontaktinfo dans: DansledareAnette Olsson070-7426752arne.nette@gmail.com DansledareMartin Jacobsson0709-358165martinjacobsson78@gmail.com R\u00f6nneh\u00e4lls Bygdeg\u00e5rdligger vid v\u00e4g 110 ca 1 km norr om T\u00e5garp V\u00e4gbeskrivning till Bygdeg\u00e5rden<\/p>\n","protected":false},"author":1,"featured_media":0,"parent":0,"menu_order":0,"comment_status":"closed","ping_status":"closed","template":"","meta":{"footnotes":""},"class_list":["post-30","page","type-page","status-publish","hentry"],"jetpack_sharing_enabled":true,"_links":{"self":[{"href":"https:\/\/www.folkdansringen.se\/ronnehall\/index.php?rest_route=\/wp\/v2\/pages\/30","targetHints":{"allow":["GET"]}}],"collection":[{"href":"https:\/\/www.folkdansringen.se\/ronnehall\/index.php?rest_route=\/wp\/v2\/pages"}],"about":[{"href":"https:\/\/www.folkdansringen.se\/ronnehall\/index.php?rest_route=\/wp\/v2\/types\/page"}],"author":[{"embeddable":true,"href":"https:\/\/www.folkdansringen.se\/ronnehall\/index.php?rest_route=\/wp\/v2\/users\/1"}],"replies":[{"embeddable":true,"href":"https:\/\/www.folkdansringen.se\/ronnehall\/index.php?rest_route=%2Fwp%2Fv2%2Fcomments&post=30"}],"version-history":[{"count":18,"href":"https:\/\/www.folkdansringen.se\/ronnehall\/index.php?rest_route=\/wp\/v2\/pages\/30\/revisions"}],"predecessor-version":[{"id":493,"href":"https:\/\/www.folkdansringen.se\/ronnehall\/index.php?rest_route=\/wp\/v2\/pages\/30\/revisions\/493"}],"wp:attachment":[{"href":"https:\/\/www.folkdansringen.se\/ronnehall\/index.php?rest_route=%2Fwp%2Fv2%2Fmedia&parent=30"}],"curies":[{"name":"wp","href":"https:\/\/api.w.org\/{rel}","templated":true}]}}