{"id":71,"date":"2022-03-05T11:43:02","date_gmt":"2022-03-05T10:43:02","guid":{"rendered":"https:\/\/www.folkdansringen.se\/ny-ostergotland\/?page_id=71"},"modified":"2026-01-25T16:38:11","modified_gmt":"2026-01-25T15:38:11","slug":"funktionarer","status":"publish","type":"page","link":"https:\/\/www.folkdansringen.se\/ny-ostergotland\/funktionarer\/","title":{"rendered":"Funktion\u00e4rer"},"content":{"rendered":"\t\t<div data-elementor-type=\"wp-page\" data-elementor-id=\"71\" class=\"elementor elementor-71\">\n\t\t\t\t\t\t<section class=\"elementor-section elementor-top-section elementor-element elementor-element-8151c95 elementor-section-boxed elementor-section-height-default elementor-section-height-default\" data-id=\"8151c95\" data-element_type=\"section\" data-e-type=\"section\">\n\t\t\t\t\t\t<div class=\"elementor-container elementor-column-gap-default\">\n\t\t\t\t\t<div class=\"elementor-column elementor-col-100 elementor-top-column elementor-element elementor-element-67f33fc\" data-id=\"67f33fc\" data-element_type=\"column\" data-e-type=\"column\">\n\t\t\t<div class=\"elementor-widget-wrap elementor-element-populated\">\n\t\t\t\t\t\t<div class=\"elementor-element elementor-element-2b07579 elementor-widget elementor-widget-heading\" data-id=\"2b07579\" data-element_type=\"widget\" data-e-type=\"widget\" data-widget_type=\"heading.default\">\n\t\t\t\t<div class=\"elementor-widget-container\">\n\t\t\t\t\t<h2 class=\"elementor-heading-title elementor-size-large\">Distriktsfunktion\u00e4rer<br>\n<\/h2>\t\t\t\t<\/div>\n\t\t\t\t<\/div>\n\t\t\t\t\t<\/div>\n\t\t<\/div>\n\t\t\t\t\t<\/div>\n\t\t<\/section>\n\t\t\t\t<section class=\"elementor-section elementor-top-section elementor-element elementor-element-a0df77b elementor-section-boxed elementor-section-height-default elementor-section-height-default\" data-id=\"a0df77b\" data-element_type=\"section\" data-e-type=\"section\">\n\t\t\t\t\t\t<div class=\"elementor-container elementor-column-gap-default\">\n\t\t\t\t\t<div class=\"elementor-column elementor-col-100 elementor-top-column elementor-element elementor-element-486ac52\" data-id=\"486ac52\" data-element_type=\"column\" data-e-type=\"column\">\n\t\t\t<div class=\"elementor-widget-wrap elementor-element-populated\">\n\t\t\t\t\t\t<div class=\"elementor-element elementor-element-5e84e1f elementor-widget elementor-widget-heading\" data-id=\"5e84e1f\" data-element_type=\"widget\" data-e-type=\"widget\" data-widget_type=\"heading.default\">\n\t\t\t\t<div class=\"elementor-widget-container\">\n\t\t\t\t\t<h2 class=\"elementor-heading-title elementor-size-large\">Styrelse<\/h2>\t\t\t\t<\/div>\n\t\t\t\t<\/div>\n\t\t\t\t\t<\/div>\n\t\t<\/div>\n\t\t\t\t\t<\/div>\n\t\t<\/section>\n\t\t\t\t<section class=\"elementor-section elementor-top-section elementor-element elementor-element-80eb55b elementor-section-boxed elementor-section-height-default elementor-section-height-default\" data-id=\"80eb55b\" data-element_type=\"section\" data-e-type=\"section\">\n\t\t\t\t\t\t<div class=\"elementor-container elementor-column-gap-default\">\n\t\t\t\t\t<div class=\"elementor-column elementor-col-100 elementor-top-column elementor-element elementor-element-66b32f2\" data-id=\"66b32f2\" data-element_type=\"column\" data-e-type=\"column\">\n\t\t\t<div class=\"elementor-widget-wrap elementor-element-populated\">\n\t\t\t\t\t\t<div class=\"elementor-element elementor-element-85fa182 elementor-widget elementor-widget-text-editor\" data-id=\"85fa182\" data-element_type=\"widget\" data-e-type=\"widget\" data-widget_type=\"text-editor.default\">\n\t\t\t\t<div class=\"elementor-widget-container\">\n\t\t\t\t\t\t\t\t\t<table style=\"height: 656px;\" width=\"2342\">\n<tbody>\n<tr>\n<td width=\"183\">Ordf\u00f6rande<\/td>\n<td width=\"220\">Anna Hermelin<br>Backav\u00e4gen 5 A<br>610 20 Kimstad<\/td>\n<td width=\"242\"><a href=\"mailto:ordf.ostergotland@folkdansringen.se\">ordf.ostergotland@folkdansringen.se<\/a><br>072 406 51 24<\/td>\n<\/tr>\n<tr>\n<td width=\"183\">Sekreterare<\/td>\n<td width=\"189\">Ann-Kristin Eriksson<br>Konsistoriegatan 12 A<br>582 34 Link\u00f6ping<\/td>\n<td width=\"242\">\n<p><a href=\"mailto:sekr.ostergotland@folkdansringen.se\">sekr.ostergotland@folkdansringen.se<\/a><br>073 537 07 82<\/p>\n<\/td>\n<\/tr>\n<tr>\n<td width=\"183\">Kass\u00f6r<\/td>\n<td width=\"189\">Ingrid Karlsson<br>S\u00e4terslund 613<br>590 32 Klockrike<\/td>\n<td width=\"242\">\n<p><a href=\"mailto:Ingrid.ahrlin@gmail.com\">Ingrid.ahrlin@gmail.com<\/a><br>070 774 0665<\/p>\n<\/td>\n<\/tr>\n<tr>\n<td width=\"183\">Ledamot<\/td>\n<td width=\"189\">Lena Gunnarsson<br>Klostergatan 10<br>573 34 Tran\u00e5s<\/td>\n<td width=\"242\"><a href=\"mailto:lena66lilian@gmail.com\">lena66lilian@gmail.com<\/a><br>073 849 11 53<\/td>\n<\/tr>\n<tr>\n<td width=\"183\">Ledamot<\/td>\n<td width=\"189\"><br><\/td>\n<td width=\"242\"><br><\/td>\n<\/tr>\n<tr>\n<td width=\"183\">&nbsp;<\/td>\n<td width=\"189\">&nbsp;<\/td>\n<td width=\"242\">&nbsp;<\/td>\n<\/tr>\n<\/tbody>\n<\/table>\t\t\t\t\t\t\t\t<\/div>\n\t\t\t\t<\/div>\n\t\t\t\t\t<\/div>\n\t\t<\/div>\n\t\t\t\t\t<\/div>\n\t\t<\/section>\n\t\t\t\t<section class=\"elementor-section elementor-top-section elementor-element elementor-element-50c0bfa elementor-section-boxed elementor-section-height-default elementor-section-height-default\" data-id=\"50c0bfa\" data-element_type=\"section\" data-e-type=\"section\">\n\t\t\t\t\t\t<div class=\"elementor-container elementor-column-gap-default\">\n\t\t\t\t\t<div class=\"elementor-column elementor-col-100 elementor-top-column elementor-element elementor-element-5f6dd5f\" data-id=\"5f6dd5f\" data-element_type=\"column\" data-e-type=\"column\">\n\t\t\t<div class=\"elementor-widget-wrap elementor-element-populated\">\n\t\t\t\t\t\t\t<\/div>\n\t\t<\/div>\n\t\t\t\t\t<\/div>\n\t\t<\/section>\n\t\t\t\t<section class=\"elementor-section elementor-top-section elementor-element elementor-element-e26eff7 elementor-section-boxed elementor-section-height-default elementor-section-height-default\" data-id=\"e26eff7\" data-element_type=\"section\" data-e-type=\"section\">\n\t\t\t\t\t\t<div class=\"elementor-container elementor-column-gap-default\">\n\t\t\t\t\t<div class=\"elementor-column elementor-col-100 elementor-top-column elementor-element elementor-element-ef0f622\" data-id=\"ef0f622\" data-element_type=\"column\" data-e-type=\"column\">\n\t\t\t<div class=\"elementor-widget-wrap elementor-element-populated\">\n\t\t\t\t\t\t\t<\/div>\n\t\t<\/div>\n\t\t\t\t\t<\/div>\n\t\t<\/section>\n\t\t\t\t<section class=\"elementor-section elementor-top-section elementor-element elementor-element-91dd62c elementor-section-boxed elementor-section-height-default elementor-section-height-default\" data-id=\"91dd62c\" data-element_type=\"section\" data-e-type=\"section\">\n\t\t\t\t\t\t<div class=\"elementor-container elementor-column-gap-default\">\n\t\t\t\t\t<div class=\"elementor-column elementor-col-100 elementor-top-column elementor-element elementor-element-32d6a3a\" data-id=\"32d6a3a\" data-element_type=\"column\" data-e-type=\"column\">\n\t\t\t<div class=\"elementor-widget-wrap elementor-element-populated\">\n\t\t\t\t\t\t<div class=\"elementor-element elementor-element-8db731d elementor-widget elementor-widget-heading\" data-id=\"8db731d\" data-element_type=\"widget\" data-e-type=\"widget\" data-widget_type=\"heading.default\">\n\t\t\t\t<div class=\"elementor-widget-container\">\n\t\t\t\t\t<h2 class=\"elementor-heading-title elementor-size-default\">Revisorer<\/h2>\t\t\t\t<\/div>\n\t\t\t\t<\/div>\n\t\t\t\t\t<\/div>\n\t\t<\/div>\n\t\t\t\t\t<\/div>\n\t\t<\/section>\n\t\t\t\t<section class=\"elementor-section elementor-top-section elementor-element elementor-element-b6d0ffa elementor-section-boxed elementor-section-height-default elementor-section-height-default\" data-id=\"b6d0ffa\" data-element_type=\"section\" data-e-type=\"section\">\n\t\t\t\t\t\t<div class=\"elementor-container elementor-column-gap-default\">\n\t\t\t\t\t<div class=\"elementor-column elementor-col-100 elementor-top-column elementor-element elementor-element-003d591\" data-id=\"003d591\" data-element_type=\"column\" data-e-type=\"column\">\n\t\t\t<div class=\"elementor-widget-wrap elementor-element-populated\">\n\t\t\t\t\t\t<div class=\"elementor-element elementor-element-3dfe33a elementor-widget elementor-widget-text-editor\" data-id=\"3dfe33a\" data-element_type=\"widget\" data-e-type=\"widget\" data-widget_type=\"text-editor.default\">\n\t\t\t\t<div class=\"elementor-widget-container\">\n\t\t\t\t\t\t\t\t\t<table width=\"614\"><tbody><tr><td width=\"183\"><p>Ordinarie<\/p><\/td><td width=\"189\"><p>Agneta Karlsson<br \/>Sk\u00e4nningev\u00e4gen 30 b<br \/>595 43 Mj\u00f6lby<\/p><\/td><td width=\"242\"><p><a href=\"mailto:agnetak49@gmail.com\">agnetak49@gmail.com<\/a><br \/>0142 10640<br \/>072\u00a0313 80 26<\/p><\/td><\/tr><tr><td width=\"183\">\u00a0<\/td><td width=\"189\"><p><span class=\"styleManual_linked__O20Ie\" data-test=\"full-address\">Inger Wahlgren<\/span><br \/><span class=\"styleManual_linked__O20Ie\" data-test=\"full-address\">Stationsv\u00e4gen 12B<br \/>596 36 V\u00e4derstad<\/span><\/p><\/td><td width=\"242\"><p><a href=\"mailto:inger-wahlgren@outlook.com\">inger-wahlgren@outlook.com<\/a><\/p><p>070 649 86 86<\/p><\/td><\/tr><tr><td width=\"183\"><p>Suppleant<\/p><\/td><td width=\"189\"><p>Lena Eriksson<br \/>Tingsbr\u00f6tsv\u00e4gen 28<br \/>605 70 Sv\u00e4rtinge<\/p><\/td><td width=\"242\"><p><a href=\"mailto:lena54.m.eriksson@gmail.com\">lena54.m.eriksson@gmail.com<\/a><\/p><p>073 833 10 36<\/p><\/td><\/tr><tr><td width=\"183\">\u00a0<\/td><td width=\"189\"><p><span class=\"styleManual_linked__O20Ie\" data-test=\"full-address\">Kenneth Tonhammar<\/span><br \/><span class=\"styleManual_linked__O20Ie\" data-test=\"full-address\">Bj\u00f6rkv\u00e4gen 9<br \/>591 75 Borensberg<\/span><\/p><\/td><td width=\"242\"><p><a href=\"mailto:kenneth.tonhammar@outlook.com\">kenneth.tonhammar@outlook.com<\/a><br \/>073 351 47 41<\/p><\/td><\/tr><\/tbody><\/table>\t\t\t\t\t\t\t\t<\/div>\n\t\t\t\t<\/div>\n\t\t\t\t\t<\/div>\n\t\t<\/div>\n\t\t\t\t\t<\/div>\n\t\t<\/section>\n\t\t\t\t<section class=\"elementor-section elementor-top-section elementor-element elementor-element-9e9c298 elementor-section-boxed elementor-section-height-default elementor-section-height-default\" data-id=\"9e9c298\" data-element_type=\"section\" data-e-type=\"section\">\n\t\t\t\t\t\t<div class=\"elementor-container elementor-column-gap-default\">\n\t\t\t\t\t<div class=\"elementor-column elementor-col-100 elementor-top-column elementor-element elementor-element-6d2fe5d\" data-id=\"6d2fe5d\" data-element_type=\"column\" data-e-type=\"column\">\n\t\t\t<div class=\"elementor-widget-wrap elementor-element-populated\">\n\t\t\t\t\t\t<div class=\"elementor-element elementor-element-d27b74f elementor-widget elementor-widget-heading\" data-id=\"d27b74f\" data-element_type=\"widget\" data-e-type=\"widget\" data-widget_type=\"heading.default\">\n\t\t\t\t<div class=\"elementor-widget-container\">\n\t\t\t\t\t<h2 class=\"elementor-heading-title elementor-size-default\">Valberedning<\/h2>\t\t\t\t<\/div>\n\t\t\t\t<\/div>\n\t\t\t\t\t<\/div>\n\t\t<\/div>\n\t\t\t\t\t<\/div>\n\t\t<\/section>\n\t\t\t\t<section class=\"elementor-section elementor-top-section elementor-element elementor-element-56d11e5 elementor-section-boxed elementor-section-height-default elementor-section-height-default\" data-id=\"56d11e5\" data-element_type=\"section\" data-e-type=\"section\">\n\t\t\t\t\t\t<div class=\"elementor-container elementor-column-gap-default\">\n\t\t\t\t\t<div class=\"elementor-column elementor-col-100 elementor-top-column elementor-element elementor-element-0af1c15\" data-id=\"0af1c15\" data-element_type=\"column\" data-e-type=\"column\">\n\t\t\t<div class=\"elementor-widget-wrap elementor-element-populated\">\n\t\t\t\t\t\t<div class=\"elementor-element elementor-element-35b1bc5 elementor-widget elementor-widget-text-editor\" data-id=\"35b1bc5\" data-element_type=\"widget\" data-e-type=\"widget\" data-widget_type=\"text-editor.default\">\n\t\t\t\t<div class=\"elementor-widget-container\">\n\t\t\t\t\t\t\t\t\t<table width=\"614\"><tbody><tr><td width=\"183\">\u00a0<\/td><td width=\"189\">Ulf Hagestr\u00f6m Svensson<br \/>Skillinggatan 5<br \/>587 39 Link\u00f6ping<\/td><td width=\"242\"><a href=\"mailto:ulf.hagestrom@gmail.com\">ulf.hagestrom@gmail.com<\/a><br \/>070 330 01 38<\/td><\/tr><tr><td width=\"183\">\u00a0<\/td><td width=\"189\">Roger Calderon<br \/>Vittinge g\u00e5rd 2<br \/>610 33 Vikbolandet<\/td><td width=\"242\"><a href=\"mailto:vittinge@gmail.com\">vittinge@gmail.com<\/a><br \/>070 395 47 52<br \/>073\u00a0812 49 14<\/td><\/tr><tr><td width=\"183\">\u00a0<\/td><td width=\"189\">Susanne Calderon<br \/>Vittinge g\u00e5rd 2<br \/>610 33 Vikbolandet<\/td><td width=\"242\"><a href=\"mailto:sussie638@hotmail.com\">sussie638@hotmail.com<\/a><br \/>011 346183<br \/>073 812 49 14<\/td><\/tr><tr><td width=\"183\">\u00a0<\/td><td width=\"189\">Ulf Andersson<br \/>\u00c4pplaryd 2<br \/>573 93 Tran\u00e5s<\/td><td width=\"242\"><a href=\"mailto:applaryd@telia.com\">applaryd@telia.com<\/a><br \/>070-699 37 20<\/td><\/tr><\/tbody><\/table>\t\t\t\t\t\t\t\t<\/div>\n\t\t\t\t<\/div>\n\t\t\t\t\t<\/div>\n\t\t<\/div>\n\t\t\t\t\t<\/div>\n\t\t<\/section>\n\t\t\t\t<section class=\"elementor-section elementor-top-section elementor-element elementor-element-f0ef329 elementor-section-boxed elementor-section-height-default elementor-section-height-default\" data-id=\"f0ef329\" data-element_type=\"section\" data-e-type=\"section\">\n\t\t\t\t\t\t<div class=\"elementor-container elementor-column-gap-default\">\n\t\t\t\t\t<div class=\"elementor-column elementor-col-100 elementor-top-column elementor-element elementor-element-55a684b\" data-id=\"55a684b\" data-element_type=\"column\" data-e-type=\"column\">\n\t\t\t<div class=\"elementor-widget-wrap elementor-element-populated\">\n\t\t\t\t\t\t<div class=\"elementor-element elementor-element-cc4e7e8 elementor-widget elementor-widget-text-editor\" data-id=\"cc4e7e8\" data-element_type=\"widget\" data-e-type=\"widget\" data-widget_type=\"text-editor.default\">\n\t\t\t\t<div class=\"elementor-widget-container\">\n\t\t\t\t\t\t\t\t\t<table width=\"614\"><tbody><tr><td width=\"183\"><p><strong>Svenska Folkdansringen<\/strong><\/p><\/td><td width=\"189\"><p>Torggatan 3<br \/>112 65 Stockholm<\/p><\/td><td width=\"242\"><p><a href=\"mailto:rikskansliet@folkdansringen.se\">rikskansliet@folkdansringen.se<\/a><br \/>08\u00a0695 00 15<\/p><\/td><\/tr><\/tbody><\/table>\t\t\t\t\t\t\t\t<\/div>\n\t\t\t\t<\/div>\n\t\t\t\t\t<\/div>\n\t\t<\/div>\n\t\t\t\t\t<\/div>\n\t\t<\/section>\n\t\t\t\t<\/div>\n\t\t","protected":false},"excerpt":{"rendered":"<p>Distriktsfunktion\u00e4rer Styrelse Ordf\u00f6rande Anna HermelinBackav\u00e4gen 5 A610 20 Kimstad ordf.ostergotland@folkdansringen.se072 406 51 24 Sekreterare Ann-Kristin ErikssonKonsistoriegatan 12 A582 34 Link\u00f6ping sekr.ostergotland@folkdansringen.se073 537 07 82 Kass\u00f6r Ingrid KarlssonS\u00e4terslund 613590 32 Klockrike Ingrid.ahrlin@gmail.com070 774 0665 Ledamot Lena GunnarssonKlostergatan 10573 34 Tran\u00e5s lena66lilian@gmail.com073 849 11 53 Ledamot &nbsp; &nbsp; &nbsp; Revisorer Ordinarie Agneta KarlssonSk\u00e4nningev\u00e4gen 30 b595 43 Mj\u00f6lby [&hellip;]<\/p>\n","protected":false},"author":1,"featured_media":0,"parent":0,"menu_order":3,"comment_status":"closed","ping_status":"closed","template":"","meta":{"site-sidebar-layout":"no-sidebar","site-content-layout":"page-builder","ast-site-content-layout":"default","site-content-style":"default","site-sidebar-style":"default","ast-global-header-display":"","ast-banner-title-visibility":"","ast-main-header-display":"","ast-hfb-above-header-display":"","ast-hfb-below-header-display":"","ast-hfb-mobile-header-display":"","site-post-title":"","ast-breadcrumbs-content":"","ast-featured-img":"disabled","footer-sml-layout":"","ast-disable-related-posts":"","theme-transparent-header-meta":"","adv-header-id-meta":"","stick-header-meta":"","header-above-stick-meta":"","header-main-stick-meta":"","header-below-stick-meta":"","astra-migrate-meta-layouts":"default","ast-page-background-enabled":"default","ast-page-background-meta":{"desktop":{"background-color":"var(--ast-global-color-4)","background-image":"","background-repeat":"repeat","background-position":"center center","background-size":"auto","background-attachment":"scroll","background-type":"","background-media":"","overlay-type":"","overlay-color":"","overlay-opacity":"","overlay-gradient":""},"tablet":{"background-color":"","background-image":"","background-repeat":"repeat","background-position":"center center","background-size":"auto","background-attachment":"scroll","background-type":"","background-media":"","overlay-type":"","overlay-color":"","overlay-opacity":"","overlay-gradient":""},"mobile":{"background-color":"","background-image":"","background-repeat":"repeat","background-position":"center center","background-size":"auto","background-attachment":"scroll","background-type":"","background-media":"","overlay-type":"","overlay-color":"","overlay-opacity":"","overlay-gradient":""}},"ast-content-background-meta":{"desktop":{"background-color":"var(--ast-global-color-5)","background-image":"","background-repeat":"repeat","background-position":"center center","background-size":"auto","background-attachment":"scroll","background-type":"","background-media":"","overlay-type":"","overlay-color":"","overlay-opacity":"","overlay-gradient":""},"tablet":{"background-color":"var(--ast-global-color-5)","background-image":"","background-repeat":"repeat","background-position":"center center","background-size":"auto","background-attachment":"scroll","background-type":"","background-media":"","overlay-type":"","overlay-color":"","overlay-opacity":"","overlay-gradient":""},"mobile":{"background-color":"var(--ast-global-color-5)","background-image":"","background-repeat":"repeat","background-position":"center center","background-size":"auto","background-attachment":"scroll","background-type":"","background-media":"","overlay-type":"","overlay-color":"","overlay-opacity":"","overlay-gradient":""}},"footnotes":""},"class_list":["post-71","page","type-page","status-publish","hentry"],"_links":{"self":[{"href":"https:\/\/www.folkdansringen.se\/ny-ostergotland\/wp-json\/wp\/v2\/pages\/71","targetHints":{"allow":["GET"]}}],"collection":[{"href":"https:\/\/www.folkdansringen.se\/ny-ostergotland\/wp-json\/wp\/v2\/pages"}],"about":[{"href":"https:\/\/www.folkdansringen.se\/ny-ostergotland\/wp-json\/wp\/v2\/types\/page"}],"author":[{"embeddable":true,"href":"https:\/\/www.folkdansringen.se\/ny-ostergotland\/wp-json\/wp\/v2\/users\/1"}],"replies":[{"embeddable":true,"href":"https:\/\/www.folkdansringen.se\/ny-ostergotland\/wp-json\/wp\/v2\/comments?post=71"}],"version-history":[{"count":91,"href":"https:\/\/www.folkdansringen.se\/ny-ostergotland\/wp-json\/wp\/v2\/pages\/71\/revisions"}],"predecessor-version":[{"id":301,"href":"https:\/\/www.folkdansringen.se\/ny-ostergotland\/wp-json\/wp\/v2\/pages\/71\/revisions\/301"}],"wp:attachment":[{"href":"https:\/\/www.folkdansringen.se\/ny-ostergotland\/wp-json\/wp\/v2\/media?parent=71"}],"curies":[{"name":"wp","href":"https:\/\/api.w.org\/{rel}","templated":true}]}}