{"id":179,"date":"2022-03-05T13:56:55","date_gmt":"2022-03-05T12:56:55","guid":{"rendered":"https:\/\/www.folkdansringen.se\/ny-ostergotland\/?page_id=179"},"modified":"2026-01-25T16:30:20","modified_gmt":"2026-01-25T15:30:20","slug":"foreningar","status":"publish","type":"page","link":"https:\/\/www.folkdansringen.se\/ny-ostergotland\/foreningar\/","title":{"rendered":"F\u00f6reningar"},"content":{"rendered":"\t\t<div data-elementor-type=\"wp-page\" data-elementor-id=\"179\" class=\"elementor elementor-179\">\n\t\t\t\t\t\t<section class=\"elementor-section elementor-top-section elementor-element elementor-element-eb910ce elementor-section-boxed elementor-section-height-default elementor-section-height-default\" data-id=\"eb910ce\" data-element_type=\"section\" data-e-type=\"section\">\n\t\t\t\t\t\t<div class=\"elementor-container elementor-column-gap-default\">\n\t\t\t\t\t<div class=\"elementor-column elementor-col-100 elementor-top-column elementor-element elementor-element-45a1dcb\" data-id=\"45a1dcb\" data-element_type=\"column\" data-e-type=\"column\">\n\t\t\t<div class=\"elementor-widget-wrap elementor-element-populated\">\n\t\t\t\t\t\t<div class=\"elementor-element elementor-element-53f779f elementor-widget elementor-widget-heading\" data-id=\"53f779f\" data-element_type=\"widget\" data-e-type=\"widget\" data-widget_type=\"heading.default\">\n\t\t\t\t<div class=\"elementor-widget-container\">\n\t\t\t\t\t<h2 class=\"elementor-heading-title elementor-size-default\">F\u00f6reningar och kontaktpersoner<\/h2>\t\t\t\t<\/div>\n\t\t\t\t<\/div>\n\t\t\t\t\t<\/div>\n\t\t<\/div>\n\t\t\t\t\t<\/div>\n\t\t<\/section>\n\t\t\t\t<section class=\"elementor-section elementor-top-section elementor-element elementor-element-65bca14 elementor-section-boxed elementor-section-height-default elementor-section-height-default\" data-id=\"65bca14\" data-element_type=\"section\" data-e-type=\"section\">\n\t\t\t\t\t\t<div class=\"elementor-container elementor-column-gap-default\">\n\t\t\t\t\t<div class=\"elementor-column elementor-col-100 elementor-top-column elementor-element elementor-element-71f09b5\" data-id=\"71f09b5\" data-element_type=\"column\" data-e-type=\"column\">\n\t\t\t<div class=\"elementor-widget-wrap elementor-element-populated\">\n\t\t\t\t\t\t<div class=\"elementor-element elementor-element-6fc688b elementor-widget elementor-widget-text-editor\" data-id=\"6fc688b\" data-element_type=\"widget\" data-e-type=\"widget\" data-widget_type=\"text-editor.default\">\n\t\t\t\t<div class=\"elementor-widget-container\">\n\t\t\t\t\t\t\t\t\t<table width=\"964\"><tbody><tr><td width=\"153\">\u00a0F\u00f6rening<\/td><td width=\"94\">Kommun<\/td><td width=\"123\">Kontaktperson<\/td><td width=\"105\">Telefon<\/td><td width=\"234\">Meiladress<\/td><td width=\"280\">Hemsida<\/td><\/tr><tr><td width=\"123\">FDL Auroraringen<\/td><td width=\"94\">Finsp\u00e5ng<\/td><td width=\"123\">\u00d6rjan Gustafsson<\/td><td width=\"101\">070\u00a0563 81 68<\/td><td width=\"234\"><a href=\"mailto:auroraringen@folkdansringen.se\">Skicka mejl<\/a><\/td><td width=\"289\"><a href=\"https:\/\/auroraringen.n.nu\/\" target=\"_blank\" rel=\"noopener\">auroraringen.n.nu\/<\/a><\/td><\/tr><tr><td width=\"123\">Folkungagillet<\/td><td width=\"94\">Link\u00f6ping<\/td><td width=\"123\">Margareta Eineblad<\/td><td width=\"101\">073\u00a0397 85 09<\/td><td width=\"234\"><a href=\"mailto:sekreterare@folkungagillet.se\">Skicka mejl<\/a><\/td><td width=\"289\"><a href=\"https:\/\/www.folkungagillet.se\/\" target=\"_blank\" rel=\"noopener\">folkungagillet.se\/<\/a><\/td><\/tr><tr><td width=\"123\">Hemg\u00e5rdens FDL<\/td><td width=\"94\">Norrk\u00f6ping<\/td><td width=\"123\">Gordon Carlsson<\/td><td width=\"101\">073\u00a0145 10 86<\/td><td width=\"234\"><a href=\"mailto:hemgarden@folkdansringen.se\">Skicka mejl<\/a><\/td><td width=\"289\"><a href=\"https:\/\/folkdansringen.se\/hemgarden\/\" target=\"_blank\" rel=\"noopener\">folkdansringen.se\/hemgarden\/<\/a><\/td><\/tr><tr><td width=\"123\">FDL Kamraterna<\/td><td width=\"94\">Norrk\u00f6ping<\/td><td width=\"123\">Annika Sonelin<\/td><td width=\"101\">076\u00a0171 90 05<\/td><td width=\"234\"><a href=\"mailto:kamraterna@folkdansringen.se\">Skicka mejl<\/a><\/td><td width=\"289\"><a href=\"https:\/\/folkdansringen.se\/kamraterna\/\" target=\"_blank\" rel=\"noopener\">folkdansringen.se\/kamraterna\/<\/a><\/td><\/tr><tr><td width=\"123\">FDL Kvarngillet<\/td><td width=\"94\">Mj\u00f6lby<\/td><td width=\"123\">Kent Ivarsson<\/td><td width=\"101\">073 632 41 88<\/td><td width=\"234\"><a href=\"mailto:kentivarsson50@gmail.com\">Skicka mejl<\/a><\/td><td width=\"289\"><a href=\"https:\/\/kvarngillet.n.nu\/\" target=\"_blank\" rel=\"noopener\">kvarngillet.n.nu\/<\/a><\/td><\/tr><tr><td width=\"123\">Motala FDL<\/td><td width=\"94\">Motala<\/td><td width=\"123\">Britt-Marie Idmar<\/td><td width=\"101\">070\u00a0281 43 05<\/td><td width=\"234\"><a href=\"mailto:motala@folkdansringen.se\">Skicka mejl<\/a><\/td><td width=\"289\"><a href=\"https:\/\/folkdansringen.se\/motala\/\" target=\"_blank\" rel=\"noopener\">folkdansringen.se\/motala\/<\/a><\/td><\/tr><tr><td width=\"123\">Orgagillet<\/td><td width=\"94\">Sk\u00e4rblacka<\/td><td width=\"123\">Rolf Eriksson<\/td><td width=\"101\">070 5783110<\/td><td width=\"234\"><a href=\"mailto:orgagillet@folkdansringen.se\">Skicka mejl<\/a><\/td><td width=\"289\"><a href=\"https:\/\/folkdansringen.se\/orgagillet\/\" target=\"_blank\" rel=\"noopener\">folkdansringen.se\/orgagillet\/<\/a><\/td><\/tr><tr><td width=\"123\">Ramunder Spel- och Dansgille<\/td><td width=\"94\">S\u00f6derk\u00f6ping<\/td><td width=\"123\">Lena Mattsson<\/td><td width=\"101\">076\u00a0888 07 51<\/td><td width=\"234\"><p><a href=\"mailto:ramunderdansspel@gmail.com\">Skicka mejl<\/a><\/p><p><a href=\"mailto:a.kageryd@hotmail.com\">Skicka mejl till ordf\u00f6randen<\/a><\/p><\/td><td width=\"289\"><a href=\"https:\/\/folkdansringen.se\/ramunder\/\" target=\"_blank\" rel=\"noopener\">folkdansringen.se\/ramunder\/<\/a><\/td><\/tr><tr><td width=\"123\">Stureforsgillet<\/td><td width=\"94\">Link\u00f6ping<\/td><td width=\"123\">Marita Wallstr\u00f6m<\/td><td width=\"101\">070 480 24 39<\/td><td width=\"234\"><a href=\"mailto:marita.hagafors@gmail.com\" target=\"_blank\" rel=\"noopener\">Skicka mejl<\/a><\/td><td width=\"289\"><a href=\"https:\/\/folkdansringen.se\/stureforsgillet\/\" target=\"_blank\" rel=\"noopener\">folkdansringen.se\/stureforsgillet\/<\/a><\/td><\/tr><tr><td width=\"123\">Tran\u00e5s Hembygdsgille<\/td><td width=\"94\">Tran\u00e5s<\/td><td width=\"123\">Lena Gunnarsson<\/td><td width=\"101\">073\u00a0849 11 53<\/td><td width=\"234\"><a href=\"mailto:tranas@folkdansringen.se\">Skicka mejl<\/a><\/td><td width=\"289\"><a href=\"https:\/\/tranas.folkdansringen.se\/\" target=\"_blank\" rel=\"noopener\">tranas.folkdansringen.se\/<\/a><\/td><\/tr><tr><td width=\"123\">\u00a0<\/td><td width=\"94\">\u00a0<\/td><td width=\"123\">\u00a0<\/td><td width=\"101\">\u00a0<\/td><td width=\"234\">\u00a0<\/td><td width=\"289\">\u00a0<\/td><\/tr><tr><td width=\"123\">\u00d6sterg\u00f6tland Holavedens Folkdansring<\/td><td width=\"94\">\u00d6sterg\u00f6tland<\/td><td width=\"123\">Ulf Hagestr\u00f6m Svensson<\/td><td width=\"101\">070\u00a0330 01 38<\/td><td width=\"234\"><a href=\"mailto:ostergotland@folkdansringen.se\" target=\"_blank\" rel=\"noopener\">Skicka mejl<\/a><\/td><td width=\"289\"><a href=\"https:\/\/folkdansringen.se\/ostergotland\/\">folkdansringen.se\/ostergotland\/<\/a><\/td><\/tr><\/tbody><\/table>\t\t\t\t\t\t\t\t<\/div>\n\t\t\t\t<\/div>\n\t\t\t\t\t<\/div>\n\t\t<\/div>\n\t\t\t\t\t<\/div>\n\t\t<\/section>\n\t\t\t\t<\/div>\n\t\t","protected":false},"excerpt":{"rendered":"<p>F\u00f6reningar och kontaktpersoner \u00a0F\u00f6rening Kommun Kontaktperson Telefon Meiladress Hemsida FDL Auroraringen Finsp\u00e5ng \u00d6rjan Gustafsson 070\u00a0563 81 68 Skicka mejl auroraringen.n.nu\/ Folkungagillet Link\u00f6ping Margareta Eineblad 073\u00a0397 85 09 Skicka mejl folkungagillet.se\/ Hemg\u00e5rdens FDL Norrk\u00f6ping Gordon Carlsson 073\u00a0145 10 86 Skicka mejl folkdansringen.se\/hemgarden\/ FDL Kamraterna Norrk\u00f6ping Annika Sonelin 076\u00a0171 90 05 Skicka mejl folkdansringen.se\/kamraterna\/ FDL Kvarngillet Mj\u00f6lby [&hellip;]<\/p>\n","protected":false},"author":1,"featured_media":0,"parent":0,"menu_order":2,"comment_status":"closed","ping_status":"closed","template":"","meta":{"site-sidebar-layout":"no-sidebar","site-content-layout":"page-builder","ast-site-content-layout":"default","site-content-style":"default","site-sidebar-style":"default","ast-global-header-display":"","ast-banner-title-visibility":"","ast-main-header-display":"","ast-hfb-above-header-display":"","ast-hfb-below-header-display":"","ast-hfb-mobile-header-display":"","site-post-title":"disabled","ast-breadcrumbs-content":"","ast-featured-img":"disabled","footer-sml-layout":"","ast-disable-related-posts":"","theme-transparent-header-meta":"","adv-header-id-meta":"","stick-header-meta":"","header-above-stick-meta":"","header-main-stick-meta":"","header-below-stick-meta":"","astra-migrate-meta-layouts":"default","ast-page-background-enabled":"default","ast-page-background-meta":{"desktop":{"background-color":"var(--ast-global-color-4)","background-image":"","background-repeat":"repeat","background-position":"center center","background-size":"auto","background-attachment":"scroll","background-type":"","background-media":"","overlay-type":"","overlay-color":"","overlay-opacity":"","overlay-gradient":""},"tablet":{"background-color":"","background-image":"","background-repeat":"repeat","background-position":"center center","background-size":"auto","background-attachment":"scroll","background-type":"","background-media":"","overlay-type":"","overlay-color":"","overlay-opacity":"","overlay-gradient":""},"mobile":{"background-color":"","background-image":"","background-repeat":"repeat","background-position":"center center","background-size":"auto","background-attachment":"scroll","background-type":"","background-media":"","overlay-type":"","overlay-color":"","overlay-opacity":"","overlay-gradient":""}},"ast-content-background-meta":{"desktop":{"background-color":"var(--ast-global-color-5)","background-image":"","background-repeat":"repeat","background-position":"center center","background-size":"auto","background-attachment":"scroll","background-type":"","background-media":"","overlay-type":"","overlay-color":"","overlay-opacity":"","overlay-gradient":""},"tablet":{"background-color":"var(--ast-global-color-5)","background-image":"","background-repeat":"repeat","background-position":"center center","background-size":"auto","background-attachment":"scroll","background-type":"","background-media":"","overlay-type":"","overlay-color":"","overlay-opacity":"","overlay-gradient":""},"mobile":{"background-color":"var(--ast-global-color-5)","background-image":"","background-repeat":"repeat","background-position":"center center","background-size":"auto","background-attachment":"scroll","background-type":"","background-media":"","overlay-type":"","overlay-color":"","overlay-opacity":"","overlay-gradient":""}},"footnotes":""},"class_list":["post-179","page","type-page","status-publish","hentry"],"_links":{"self":[{"href":"https:\/\/www.folkdansringen.se\/ny-ostergotland\/wp-json\/wp\/v2\/pages\/179","targetHints":{"allow":["GET"]}}],"collection":[{"href":"https:\/\/www.folkdansringen.se\/ny-ostergotland\/wp-json\/wp\/v2\/pages"}],"about":[{"href":"https:\/\/www.folkdansringen.se\/ny-ostergotland\/wp-json\/wp\/v2\/types\/page"}],"author":[{"embeddable":true,"href":"https:\/\/www.folkdansringen.se\/ny-ostergotland\/wp-json\/wp\/v2\/users\/1"}],"replies":[{"embeddable":true,"href":"https:\/\/www.folkdansringen.se\/ny-ostergotland\/wp-json\/wp\/v2\/comments?post=179"}],"version-history":[{"count":67,"href":"https:\/\/www.folkdansringen.se\/ny-ostergotland\/wp-json\/wp\/v2\/pages\/179\/revisions"}],"predecessor-version":[{"id":295,"href":"https:\/\/www.folkdansringen.se\/ny-ostergotland\/wp-json\/wp\/v2\/pages\/179\/revisions\/295"}],"wp:attachment":[{"href":"https:\/\/www.folkdansringen.se\/ny-ostergotland\/wp-json\/wp\/v2\/media?parent=179"}],"curies":[{"name":"wp","href":"https:\/\/api.w.org\/{rel}","templated":true}]}}