{"id":260,"date":"2024-09-09T18:19:37","date_gmt":"2024-09-09T16:19:37","guid":{"rendered":"https:\/\/www.folkdansringen.se\/marsta\/?page_id=260"},"modified":"2025-07-26T10:58:32","modified_gmt":"2025-07-26T08:58:32","slug":"resor","status":"publish","type":"page","link":"https:\/\/www.folkdansringen.se\/marsta\/resor\/","title":{"rendered":"Resor"},"content":{"rendered":"\n<p class=\"has-medium-font-size\">Klicka p\u00e5 den h\u00e4r <a href=\"https:\/\/www.folkdansringen.se\/marsta\/medlem\/resor\/index.htm\" target=\"_blank\" rel=\"noreferrer noopener\">l\u00e4nken <\/a>s\u00e5 kan du l\u00e4sa om v\u00e5ra resor<\/p>\n\n\n\n<p class=\"has-medium-font-size\"><\/p>\n\n\n\n<p><\/p>\n","protected":false},"excerpt":{"rendered":"<p>Klicka p\u00e5 den h\u00e4r l\u00e4nken s\u00e5 kan du l\u00e4sa om v\u00e5ra resor<\/p>\n","protected":false},"author":3,"featured_media":0,"parent":0,"menu_order":0,"comment_status":"closed","ping_status":"closed","template":"","meta":{"footnotes":""},"class_list":["post-260","page","type-page","status-publish","hentry"],"_links":{"self":[{"href":"https:\/\/www.folkdansringen.se\/marsta\/wp-json\/wp\/v2\/pages\/260","targetHints":{"allow":["GET"]}}],"collection":[{"href":"https:\/\/www.folkdansringen.se\/marsta\/wp-json\/wp\/v2\/pages"}],"about":[{"href":"https:\/\/www.folkdansringen.se\/marsta\/wp-json\/wp\/v2\/types\/page"}],"author":[{"embeddable":true,"href":"https:\/\/www.folkdansringen.se\/marsta\/wp-json\/wp\/v2\/users\/3"}],"replies":[{"embeddable":true,"href":"https:\/\/www.folkdansringen.se\/marsta\/wp-json\/wp\/v2\/comments?post=260"}],"version-history":[{"count":2,"href":"https:\/\/www.folkdansringen.se\/marsta\/wp-json\/wp\/v2\/pages\/260\/revisions"}],"predecessor-version":[{"id":273,"href":"https:\/\/www.folkdansringen.se\/marsta\/wp-json\/wp\/v2\/pages\/260\/revisions\/273"}],"wp:attachment":[{"href":"https:\/\/www.folkdansringen.se\/marsta\/wp-json\/wp\/v2\/media?parent=260"}],"curies":[{"name":"wp","href":"https:\/\/api.w.org\/{rel}","templated":true}]}}