{"id":66,"date":"2025-02-09T21:35:03","date_gmt":"2025-02-09T20:35:03","guid":{"rendered":"https:\/\/www.folkdansringen.se\/boras\/?page_id=66"},"modified":"2025-02-14T09:49:15","modified_gmt":"2025-02-14T08:49:15","slug":"hitta-hit","status":"publish","type":"page","link":"https:\/\/www.folkdansringen.se\/boras\/index.php\/hitta-hit\/","title":{"rendered":"Hitta hit"},"content":{"rendered":"\n<p>Bes\u00f6ksadress: Bj\u00f6rkhemsgatan 31, Sj\u00f6bo, Bor\u00e5s. Ing\u00e5ng fr\u00e5n g\u00e5rdssidan.<\/p>\n\n\n\n<p>Postadress: Bor\u00e5s Hembygdsgille, c\/o. Berit Johansson, Ribbingsgatan 19, 504 66 Bor\u00e5s<\/p>\n\n\n\n<p style=\"text-align: center;\"><iframe src=\"https:\/\/www.google.com\/maps\/embed?pb=!1m18!1m12!1m3!1d2952.2019623268525!2d12.948906500000003!3d57.75192100000001!2m3!1f0!2f0!3f0!3m2!1i1024!2i768!4f13.1!3m3!1m2!1s0x465aa0d4d4202f7d%3A0xaceee658cfd93118!2sBj%C3%B6rkhemsgatan%2031%2C%20506%2046%20Bor%C3%A5s!5e1!3m2!1sen!2sse!4v1739522761778!5m2!1sen!2sse\" width=\"600\" height=\"450\" style=\"border:0;\" allowfullscreen=\"\" loading=\"lazy\" referrerpolicy=\"no-referrer-when-downgrade\"><\/iframe>\n\n\n\n<figure class=\"wp-block-image size-full\"><img loading=\"lazy\" decoding=\"async\" width=\"637\" height=\"908\" src=\"https:\/\/www.folkdansringen.se\/boras\/wp-content\/uploads\/2025\/02\/lokal.jpg\" alt=\"\" class=\"wp-image-73\" srcset=\"https:\/\/www.folkdansringen.se\/boras\/wp-content\/uploads\/2025\/02\/lokal.jpg 637w, https:\/\/www.folkdansringen.se\/boras\/wp-content\/uploads\/2025\/02\/lokal-210x300.jpg 210w\" sizes=\"auto, (max-width: 637px) 100vw, 637px\" \/><\/figure>\n","protected":false},"excerpt":{"rendered":"<p>Bes\u00f6ksadress: Bj\u00f6rkhemsgatan 31, Sj\u00f6bo, Bor\u00e5s. Ing\u00e5ng fr\u00e5n g\u00e5rdssidan. Postadress: Bor\u00e5s Hembygdsgille, c\/o. Berit Johansson, Ribbingsgatan 19, 504 66 Bor\u00e5s<\/p>\n","protected":false},"author":1,"featured_media":0,"parent":0,"menu_order":0,"comment_status":"closed","ping_status":"closed","template":"","meta":{"_monsterinsights_skip_tracking":false,"_monsterinsights_sitenote_active":false,"_monsterinsights_sitenote_note":"","_monsterinsights_sitenote_category":0,"_uf_show_specific_survey":0,"_uf_disable_surveys":false,"footnotes":""},"class_list":["post-66","page","type-page","status-publish","hentry"],"aioseo_notices":[],"_links":{"self":[{"href":"https:\/\/www.folkdansringen.se\/boras\/index.php\/wp-json\/wp\/v2\/pages\/66","targetHints":{"allow":["GET"]}}],"collection":[{"href":"https:\/\/www.folkdansringen.se\/boras\/index.php\/wp-json\/wp\/v2\/pages"}],"about":[{"href":"https:\/\/www.folkdansringen.se\/boras\/index.php\/wp-json\/wp\/v2\/types\/page"}],"author":[{"embeddable":true,"href":"https:\/\/www.folkdansringen.se\/boras\/index.php\/wp-json\/wp\/v2\/users\/1"}],"replies":[{"embeddable":true,"href":"https:\/\/www.folkdansringen.se\/boras\/index.php\/wp-json\/wp\/v2\/comments?post=66"}],"version-history":[{"count":6,"href":"https:\/\/www.folkdansringen.se\/boras\/index.php\/wp-json\/wp\/v2\/pages\/66\/revisions"}],"predecessor-version":[{"id":80,"href":"https:\/\/www.folkdansringen.se\/boras\/index.php\/wp-json\/wp\/v2\/pages\/66\/revisions\/80"}],"wp:attachment":[{"href":"https:\/\/www.folkdansringen.se\/boras\/index.php\/wp-json\/wp\/v2\/media?parent=66"}],"curies":[{"name":"wp","href":"https:\/\/api.w.org\/{rel}","templated":true}]}}