{"id":57,"date":"2025-02-09T21:17:32","date_gmt":"2025-02-09T20:17:32","guid":{"rendered":"https:\/\/www.folkdansringen.se\/boras\/?page_id=57"},"modified":"2025-02-09T21:17:32","modified_gmt":"2025-02-09T20:17:32","slug":"sektioner","status":"publish","type":"page","link":"https:\/\/www.folkdansringen.se\/boras\/index.php\/sektioner\/","title":{"rendered":"Sektioner"},"content":{"rendered":"\n<p>Bor\u00e5s Hembygdsgille best\u00e5r i dagsl\u00e4get utav fyra sektioner. Du hittar mer information om dessa under respektive sektionssida.<\/p>\n\n\n\n<p><a href=\"https:\/\/www.folkdansringen.se\/boras\/index.php\/folkdans\/\">Folkdans<\/a><\/p>\n\n\n\n<p><a href=\"https:\/\/www.folkdansringen.se\/boras\/index.php\/draktsektionen\/\">Dr\u00e4kt<\/a><\/p>\n\n\n\n<p><a href=\"https:\/\/www.folkdansringen.se\/boras\/index.php\/vav\/\">V\u00e4v<\/a><\/p>\n\n\n\n<p><a href=\"https:\/\/www.folkdansringen.se\/boras\/index.php\/squaredance\/\">Squaredance<\/a><\/p>\n\n\n\n<p><\/p>\n","protected":false},"excerpt":{"rendered":"<p>Bor\u00e5s Hembygdsgille best\u00e5r i dagsl\u00e4get utav fyra sektioner. Du hittar mer information om dessa under respektive sektionssida. Folkdans Dr\u00e4kt V\u00e4v Squaredance<\/p>\n","protected":false},"author":1,"featured_media":0,"parent":0,"menu_order":0,"comment_status":"closed","ping_status":"closed","template":"","meta":{"_monsterinsights_skip_tracking":false,"_monsterinsights_sitenote_active":false,"_monsterinsights_sitenote_note":"","_monsterinsights_sitenote_category":0,"_uf_show_specific_survey":0,"_uf_disable_surveys":false,"footnotes":""},"class_list":["post-57","page","type-page","status-publish","hentry"],"aioseo_notices":[],"_links":{"self":[{"href":"https:\/\/www.folkdansringen.se\/boras\/index.php\/wp-json\/wp\/v2\/pages\/57","targetHints":{"allow":["GET"]}}],"collection":[{"href":"https:\/\/www.folkdansringen.se\/boras\/index.php\/wp-json\/wp\/v2\/pages"}],"about":[{"href":"https:\/\/www.folkdansringen.se\/boras\/index.php\/wp-json\/wp\/v2\/types\/page"}],"author":[{"embeddable":true,"href":"https:\/\/www.folkdansringen.se\/boras\/index.php\/wp-json\/wp\/v2\/users\/1"}],"replies":[{"embeddable":true,"href":"https:\/\/www.folkdansringen.se\/boras\/index.php\/wp-json\/wp\/v2\/comments?post=57"}],"version-history":[{"count":1,"href":"https:\/\/www.folkdansringen.se\/boras\/index.php\/wp-json\/wp\/v2\/pages\/57\/revisions"}],"predecessor-version":[{"id":59,"href":"https:\/\/www.folkdansringen.se\/boras\/index.php\/wp-json\/wp\/v2\/pages\/57\/revisions\/59"}],"wp:attachment":[{"href":"https:\/\/www.folkdansringen.se\/boras\/index.php\/wp-json\/wp\/v2\/media?parent=57"}],"curies":[{"name":"wp","href":"https:\/\/api.w.org\/{rel}","templated":true}]}}