{"id":41,"date":"2025-02-09T21:07:38","date_gmt":"2025-02-09T20:07:38","guid":{"rendered":"https:\/\/www.folkdansringen.se\/boras\/?page_id=41"},"modified":"2025-09-13T17:03:49","modified_gmt":"2025-09-13T15:03:49","slug":"vav","status":"publish","type":"page","link":"https:\/\/www.folkdansringen.se\/boras\/index.php\/sektioner\/vav\/","title":{"rendered":"V\u00e4v"},"content":{"rendered":"\n<p>V\u00e4vsektionen tr\u00e4ffas p\u00e5 tisdagar klockan 18:00 &#8211; 21:00 f\u00f6r v\u00e4vning tillsammans.<\/p>\n\n\n\n<p>Ansvarig f\u00f6r v\u00e4vsektionen \u00e4r Lena Gustavsson.<\/p>\n\n\n\n<hr class=\"wp-block-separator has-alpha-channel-opacity\"\/>\n\n\n\n<figure class=\"wp-block-gallery has-nested-images columns-default is-cropped wp-block-gallery-1 is-layout-flex wp-block-gallery-is-layout-flex\">\n<figure class=\"wp-block-image size-large\"><img loading=\"lazy\" decoding=\"async\" width=\"768\" height=\"1024\" data-id=\"138\" src=\"https:\/\/www.folkdansringen.se\/boras\/wp-content\/uploads\/2025\/09\/IMG_0785-768x1024.jpeg\" alt=\"\" class=\"wp-image-138\" srcset=\"https:\/\/www.folkdansringen.se\/boras\/wp-content\/uploads\/2025\/09\/IMG_0785-768x1024.jpeg 768w, https:\/\/www.folkdansringen.se\/boras\/wp-content\/uploads\/2025\/09\/IMG_0785-225x300.jpeg 225w, https:\/\/www.folkdansringen.se\/boras\/wp-content\/uploads\/2025\/09\/IMG_0785-1152x1536.jpeg 1152w, https:\/\/www.folkdansringen.se\/boras\/wp-content\/uploads\/2025\/09\/IMG_0785.jpeg 1536w\" sizes=\"auto, (max-width: 768px) 100vw, 768px\" \/><\/figure>\n\n\n\n<figure class=\"wp-block-image size-large\"><img loading=\"lazy\" decoding=\"async\" width=\"768\" height=\"1024\" data-id=\"139\" src=\"https:\/\/www.folkdansringen.se\/boras\/wp-content\/uploads\/2025\/09\/IMG_0793-768x1024.jpeg\" alt=\"\" class=\"wp-image-139\" srcset=\"https:\/\/www.folkdansringen.se\/boras\/wp-content\/uploads\/2025\/09\/IMG_0793-768x1024.jpeg 768w, https:\/\/www.folkdansringen.se\/boras\/wp-content\/uploads\/2025\/09\/IMG_0793-225x300.jpeg 225w, https:\/\/www.folkdansringen.se\/boras\/wp-content\/uploads\/2025\/09\/IMG_0793-1152x1536.jpeg 1152w, https:\/\/www.folkdansringen.se\/boras\/wp-content\/uploads\/2025\/09\/IMG_0793.jpeg 1536w\" sizes=\"auto, (max-width: 768px) 100vw, 768px\" \/><\/figure>\n<\/figure>\n\n\n\n<figure class=\"wp-block-gallery has-nested-images columns-default is-cropped wp-block-gallery-2 is-layout-flex wp-block-gallery-is-layout-flex\">\n<figure class=\"wp-block-image size-large\"><img loading=\"lazy\" decoding=\"async\" width=\"768\" height=\"1024\" data-id=\"142\" src=\"https:\/\/www.folkdansringen.se\/boras\/wp-content\/uploads\/2025\/09\/IMG_0798-768x1024.jpeg\" alt=\"\" class=\"wp-image-142\" srcset=\"https:\/\/www.folkdansringen.se\/boras\/wp-content\/uploads\/2025\/09\/IMG_0798-768x1024.jpeg 768w, https:\/\/www.folkdansringen.se\/boras\/wp-content\/uploads\/2025\/09\/IMG_0798-225x300.jpeg 225w, https:\/\/www.folkdansringen.se\/boras\/wp-content\/uploads\/2025\/09\/IMG_0798-1152x1536.jpeg 1152w, https:\/\/www.folkdansringen.se\/boras\/wp-content\/uploads\/2025\/09\/IMG_0798.jpeg 1536w\" sizes=\"auto, (max-width: 768px) 100vw, 768px\" \/><\/figure>\n\n\n\n<figure class=\"wp-block-image size-large\"><img loading=\"lazy\" decoding=\"async\" width=\"768\" height=\"1024\" data-id=\"141\" src=\"https:\/\/www.folkdansringen.se\/boras\/wp-content\/uploads\/2025\/09\/IMG_0789-768x1024.jpeg\" alt=\"\" class=\"wp-image-141\" srcset=\"https:\/\/www.folkdansringen.se\/boras\/wp-content\/uploads\/2025\/09\/IMG_0789-768x1024.jpeg 768w, https:\/\/www.folkdansringen.se\/boras\/wp-content\/uploads\/2025\/09\/IMG_0789-225x300.jpeg 225w, https:\/\/www.folkdansringen.se\/boras\/wp-content\/uploads\/2025\/09\/IMG_0789-1152x1536.jpeg 1152w, https:\/\/www.folkdansringen.se\/boras\/wp-content\/uploads\/2025\/09\/IMG_0789.jpeg 1536w\" sizes=\"auto, (max-width: 768px) 100vw, 768px\" \/><\/figure>\n<\/figure>\n","protected":false},"excerpt":{"rendered":"<p>V\u00e4vsektionen tr\u00e4ffas p\u00e5 tisdagar klockan 18:00 &#8211; 21:00 f\u00f6r v\u00e4vning tillsammans. Ansvarig f\u00f6r v\u00e4vsektionen \u00e4r Lena Gustavsson.<\/p>\n","protected":false},"author":1,"featured_media":0,"parent":57,"menu_order":0,"comment_status":"closed","ping_status":"closed","template":"","meta":{"_monsterinsights_skip_tracking":false,"_monsterinsights_sitenote_active":false,"_monsterinsights_sitenote_note":"","_monsterinsights_sitenote_category":0,"_uf_show_specific_survey":0,"_uf_disable_surveys":false,"footnotes":""},"class_list":["post-41","page","type-page","status-publish","hentry"],"aioseo_notices":[],"_links":{"self":[{"href":"https:\/\/www.folkdansringen.se\/boras\/index.php\/wp-json\/wp\/v2\/pages\/41","targetHints":{"allow":["GET"]}}],"collection":[{"href":"https:\/\/www.folkdansringen.se\/boras\/index.php\/wp-json\/wp\/v2\/pages"}],"about":[{"href":"https:\/\/www.folkdansringen.se\/boras\/index.php\/wp-json\/wp\/v2\/types\/page"}],"author":[{"embeddable":true,"href":"https:\/\/www.folkdansringen.se\/boras\/index.php\/wp-json\/wp\/v2\/users\/1"}],"replies":[{"embeddable":true,"href":"https:\/\/www.folkdansringen.se\/boras\/index.php\/wp-json\/wp\/v2\/comments?post=41"}],"version-history":[{"count":4,"href":"https:\/\/www.folkdansringen.se\/boras\/index.php\/wp-json\/wp\/v2\/pages\/41\/revisions"}],"predecessor-version":[{"id":143,"href":"https:\/\/www.folkdansringen.se\/boras\/index.php\/wp-json\/wp\/v2\/pages\/41\/revisions\/143"}],"up":[{"embeddable":true,"href":"https:\/\/www.folkdansringen.se\/boras\/index.php\/wp-json\/wp\/v2\/pages\/57"}],"wp:attachment":[{"href":"https:\/\/www.folkdansringen.se\/boras\/index.php\/wp-json\/wp\/v2\/media?parent=41"}],"curies":[{"name":"wp","href":"https:\/\/api.w.org\/{rel}","templated":true}]}}