{"id":114,"date":"2025-02-14T12:35:26","date_gmt":"2025-02-14T11:35:26","guid":{"rendered":"https:\/\/www.folkdansringen.se\/boras\/?page_id=114"},"modified":"2025-02-14T12:35:26","modified_gmt":"2025-02-14T11:35:26","slug":"historik","status":"publish","type":"page","link":"https:\/\/www.folkdansringen.se\/boras\/index.php\/om-oss\/historik\/","title":{"rendered":"Historik"},"content":{"rendered":"\n<p><\/p>\n\n\n\n<p>Under h\u00f6sten 1952 samlades ett 15-tal ungdomar f\u00f6r att l\u00e4ra sig folkdans. Dansledaren Bengt Andersson visade hur stegen skulle tas. Flera var medlemmar i Hbf. Westergyllen. Tanken att starta en egen folkdansf\u00f6rening v\u00e4xte mer och mer fram.<br><br><em>F\u00f6rsta sammankomsten:<\/em>&nbsp;Torsdagen den 15 januari 1953 samlades en grupp p\u00e5 nio personer hemma hos B\u00f6rje Hidfors, men ytterligare sex personer hade meddelat sitt&nbsp; intresse att vara med.<br><br>En interimsstyrelse tillsattes f\u00f6r att arbeta med de f\u00f6rberedande \u00e5tg\u00e4rderna till n\u00e4sta sammankomst den 3\/2. Dessa var: B\u00f6rje Hidfors -ordf., Kjell Nilsson &#8211; sekr., Gullan Fredriksson &#8211; kass\u00f6r.<br><br><em>Andra sammankomsten:&nbsp;<\/em>Tisdagen den 3 februari 1953 bildades f\u00f6reningen.&nbsp; Till styrelse valdes: B\u00f6rje Hidfors ordf., Kjell Nilsson vice ordf., Brita Wahlqvist sekr., Rut Andersson bitr. sekr., Gunnel Fredriksson kass\u00f6r. &#8211;&nbsp; Som revisorer uts\u00e5gs: Artur Brandt och Erik Gustavsson med Karl-Gustav Svensson som ers\u00e4ttare. &#8211;&nbsp; Till dansledare valdes Brita Wahlqvist med Bengt Andersson som ers\u00e4ttare.&nbsp; &#8211;&nbsp; Till dr\u00e4ktkommitt\u00e9: Sonia Hidfors och Artur Brandt.&nbsp; &#8211;&nbsp;&nbsp; Som spelman uts\u00e5gs&nbsp;<a href=\"http:\/\/www.borasspelman.se\/Torsten_Edlund.htm\" target=\"_blank\" rel=\"noreferrer noopener\">Torsten Edlund<\/a><br><br>Medlemsavgiften best\u00e4mdes till 6 kr.. Lokal hyrs av Hemg\u00e5rden d\u00e4r f\u00f6rsta danstr\u00e4ningen h\u00f6lls tisdagen den 10 februari med Bengt Andersson som dansledare.<br><br><em>Tredje sammankomsten:&nbsp;<\/em>Namnet Bor\u00e5s Hembygdsgille fastst\u00e4lldes och f\u00f6reningen ansluter sig till V\u00e4sterg\u00f6tlands distrikt av Svenska Ungdomsringen.<br><br>Den f\u00f6rsta uppvisningen skedde redan under f\u00f6rsommaren i Tranemo. Sedan blev det fler uppvisningar som i Sj\u00f6tofta, och Hudene. Man medverkade ocks\u00e5 i &#8221;V\u00e4rml\u00e4nningarna&#8221; tillsammans med Bor\u00e5s Folkteater.<br><br>10 \u00e5r senare fanns det b\u00e5de ett barnlag samt v\u00e4vstuga inom f\u00f6reningen. Det dansades \u00e4ven &#8221;H\u00f6gre St\u00e5ndsdans &#8211; Herrskapsdans&#8221;. Man har ocks\u00e5 haft samtr\u00e4ningar med folkdanslaget N\u00e4cken i Svenljunga.<\/p>\n","protected":false},"excerpt":{"rendered":"<p>Under h\u00f6sten 1952 samlades ett 15-tal ungdomar f\u00f6r att l\u00e4ra sig folkdans. Dansledaren Bengt Andersson visade hur stegen skulle tas. Flera var medlemmar i Hbf. Westergyllen. Tanken att starta en egen folkdansf\u00f6rening v\u00e4xte mer och mer fram. F\u00f6rsta sammankomsten:&nbsp;Torsdagen den 15 januari 1953 samlades en grupp p\u00e5 nio personer hemma hos B\u00f6rje Hidfors, men ytterligare [&hellip;]<\/p>\n","protected":false},"author":1,"featured_media":0,"parent":26,"menu_order":0,"comment_status":"closed","ping_status":"closed","template":"","meta":{"_monsterinsights_skip_tracking":false,"_monsterinsights_sitenote_active":false,"_monsterinsights_sitenote_note":"","_monsterinsights_sitenote_category":0,"_uf_show_specific_survey":0,"_uf_disable_surveys":false,"footnotes":""},"class_list":["post-114","page","type-page","status-publish","hentry"],"aioseo_notices":[],"_links":{"self":[{"href":"https:\/\/www.folkdansringen.se\/boras\/index.php\/wp-json\/wp\/v2\/pages\/114","targetHints":{"allow":["GET"]}}],"collection":[{"href":"https:\/\/www.folkdansringen.se\/boras\/index.php\/wp-json\/wp\/v2\/pages"}],"about":[{"href":"https:\/\/www.folkdansringen.se\/boras\/index.php\/wp-json\/wp\/v2\/types\/page"}],"author":[{"embeddable":true,"href":"https:\/\/www.folkdansringen.se\/boras\/index.php\/wp-json\/wp\/v2\/users\/1"}],"replies":[{"embeddable":true,"href":"https:\/\/www.folkdansringen.se\/boras\/index.php\/wp-json\/wp\/v2\/comments?post=114"}],"version-history":[{"count":1,"href":"https:\/\/www.folkdansringen.se\/boras\/index.php\/wp-json\/wp\/v2\/pages\/114\/revisions"}],"predecessor-version":[{"id":116,"href":"https:\/\/www.folkdansringen.se\/boras\/index.php\/wp-json\/wp\/v2\/pages\/114\/revisions\/116"}],"up":[{"embeddable":true,"href":"https:\/\/www.folkdansringen.se\/boras\/index.php\/wp-json\/wp\/v2\/pages\/26"}],"wp:attachment":[{"href":"https:\/\/www.folkdansringen.se\/boras\/index.php\/wp-json\/wp\/v2\/media?parent=114"}],"curies":[{"name":"wp","href":"https:\/\/api.w.org\/{rel}","templated":true}]}}